{"id":5774,"date":"2020-10-27T09:59:00","date_gmt":"2020-10-27T08:59:00","guid":{"rendered":"https:\/\/francebattery.com\/autoconsommation\/"},"modified":"2022-03-31T20:34:42","modified_gmt":"2022-03-31T18:34:42","slug":"self-consumption","status":"publish","type":"page","link":"https:\/\/francebattery.com\/en\/applications\/self-consumption\/","title":{"rendered":"Self-consumption"},"content":{"rendered":"<p>[et_pb_section fb_built=&#8221;1&#8243; _builder_version=&#8221;4.15.1&#8243; _module_preset=&#8221;default&#8221; hover_enabled=&#8221;0&#8243; global_colors_info=&#8221;{}&#8221; custom_margin=&#8221;26px||||false|true&#8221; sticky_enabled=&#8221;0&#8243;][et_pb_row _builder_version=&#8221;4.15&#8243; _module_preset=&#8221;default&#8221; custom_margin=&#8221;-41px||||false|false&#8221; custom_margin_tablet=&#8221;8px||||false|false&#8221; custom_margin_phone=&#8221;&#8221; custom_margin_last_edited=&#8221;on|phone&#8221; custom_padding=&#8221;0px||16px||false|false&#8221; global_colors_info=&#8221;{}&#8221;][et_pb_column type=&#8221;4_4&#8243; _builder_version=&#8221;4.15&#8243; _module_preset=&#8221;default&#8221; global_colors_info=&#8221;{}&#8221;][et_pb_text _builder_version=&#8221;4.15&#8243; _module_preset=&#8221;default&#8221; text_font_size=&#8221;18px&#8221; header_font=&#8221;|||||on|||&#8221; header_text_color=&#8221;#0c71c3&#8243; custom_margin_tablet=&#8221;||-32px|7px|false|false&#8221; custom_margin_phone=&#8221;|||0px|false|false&#8221; header_font_size_tablet=&#8221;35px&#8221; header_font_size_phone=&#8221;&#8221; header_font_size_last_edited=&#8221;on|tablet&#8221; global_colors_info=&#8221;{}&#8221;]<\/p>\n<h1><strong><span style=\"color: #000080;\">Lithium batteries<\/span><\/strong><\/h1>\n<p>[\/et_pb_text][et_pb_text _builder_version=&#8221;4.15&#8243; _module_preset=&#8221;default&#8221; text_font=&#8221;||||||||&#8221; header_font=&#8221;|||||on|||&#8221; header_text_color=&#8221;#0c71c3&#8243; header_2_text_color=&#8221;#0C71C3&#8243; header_2_font_size=&#8221;30px&#8221; custom_margin=&#8221;-28px|||0px|false|false&#8221; custom_margin_tablet=&#8221;38px|||6px|false|false&#8221; custom_margin_phone=&#8221;|||0px|false|false&#8221; header_font_size_tablet=&#8221;35px&#8221; header_font_size_phone=&#8221;&#8221; header_font_size_last_edited=&#8221;on|tablet&#8221; global_colors_info=&#8221;{}&#8221;]<\/p>\n<h2><strong>Self-consumption &amp; Access to energy \u2600\ufe0f\u00a0<\/strong><\/h2>\n<p>[\/et_pb_text][\/et_pb_column][\/et_pb_row][et_pb_row _builder_version=&#8221;4.15&#8243; _module_preset=&#8221;default&#8221; min_height=&#8221;88px&#8221; custom_margin=&#8221;-13px||||false|false&#8221; custom_margin_tablet=&#8221;-9px||||false|false&#8221; custom_margin_phone=&#8221;&#8221; custom_margin_last_edited=&#8221;on|phone&#8221; custom_padding=&#8221;0px||14px||false|false&#8221; global_colors_info=&#8221;{}&#8221;][et_pb_column type=&#8221;4_4&#8243; _builder_version=&#8221;4.15&#8243; _module_preset=&#8221;default&#8221; global_colors_info=&#8221;{}&#8221;][et_pb_text _builder_version=&#8221;4.15&#8243; _module_preset=&#8221;default&#8221; custom_margin_tablet=&#8221;6px||||false|false&#8221; custom_margin_phone=&#8221;0px||||false|false&#8221; global_colors_info=&#8221;{}&#8221;]<\/p>\n<p style=\"text-align: justify;\"><span class=\"PBLongTxt\"><span>The more solar and wind energy there is, the more difficult and expensive it becomes to guarantee grid stability. Intermediate energy storage is therefore rapidly becoming an essential tool to keep energy fluctuations on the grid within reasonable limits. In addition, as feed-in tariffs decrease, the economic case for installing a domestic storage system to increase self-consumption is becoming stronger. <strong>Intermediate energy storage increases self-consumption of recovered solar and\/or wind energy.<\/strong> The natural next step is to achieve 100% self-consumption and grid independence.\u00a0<\/span><\/span><\/p>\n<p>[\/et_pb_text][\/et_pb_column][\/et_pb_row][et_pb_row column_structure=&#8221;1_2,1_2&#8243; _builder_version=&#8221;4.15&#8243; _module_preset=&#8221;default&#8221; min_height=&#8221;88px&#8221; custom_margin=&#8221;-9px||||false|false&#8221; global_colors_info=&#8221;{}&#8221;][et_pb_column type=&#8221;1_2&#8243; _builder_version=&#8221;4.15&#8243; _module_preset=&#8221;default&#8221; global_colors_info=&#8221;{}&#8221;][et_pb_text _builder_version=&#8221;4.15&#8243; _module_preset=&#8221;default&#8221; text_orientation=&#8221;justified&#8221; custom_margin=&#8221;|-33px||0px|false|false&#8221; custom_margin_tablet=&#8221;0px|0px|-22px||false|false&#8221; custom_margin_phone=&#8221;0px||||false|false&#8221; global_colors_info=&#8221;{}&#8221;]<\/p>\n<p>France Battery&#8217;s solar-powered solutions are designed <strong>to connect even the smallest homes to the most demanding mini-grids.<\/strong> Our robust systems have proven to deliver power over and over again with unmatched reliability, making them a <strong>sound investment.<\/strong><\/p>\n<p>France Battery offers a <strong>wide range of LiFePO4 batteries adapted to your self-consumption projects<\/strong>; isolated sites, hunting shelters, residential or collective self-consumption&#8230;<\/p>\n<p>[\/et_pb_text][\/et_pb_column][et_pb_column type=&#8221;1_2&#8243; _builder_version=&#8221;4.15&#8243; _module_preset=&#8221;default&#8221; background_color=&#8221;rgba(234,199,0,0.2)&#8221; custom_padding=&#8221;4px|4px|4px|4px|true|true&#8221; custom_padding_tablet=&#8221;36px|6px|8px|6px|false|true&#8221; custom_padding_phone=&#8221;36px||||false|true&#8221; custom_padding_last_edited=&#8221;on|phone&#8221; border_radii=&#8221;on|11px|11px|11px|11px&#8221; global_colors_info=&#8221;{}&#8221;][et_pb_text _builder_version=&#8221;4.15&#8243; _module_preset=&#8221;default&#8221; text_font_size=&#8221;14px&#8221; text_orientation=&#8221;justified&#8221; custom_margin=&#8221;|4px||4px|false|true&#8221; custom_margin_tablet=&#8221;-26px|||0px|false|false&#8221; global_colors_info=&#8221;{}&#8221;]<\/p>\n<h5 style=\"text-align: justify;\"><strong>Small homes in rural areas?\u00a0?<\/strong><br \/>Access to energy and the Pay-As-You-Go system<\/h5>\n<p style=\"text-align: justify;\">France Battery&#8217;s solar DC home systems provide enough energy to power lights, cell phones and TVs. Typically powered by single or combined solar panel configurations, with a DC charge output and a storage battery. The system is protected by algorithms that extend the life of the battery.<br \/><strong>Interested?<\/strong> Contact us to discuss<\/p>\n<p>[\/et_pb_text][\/et_pb_column][\/et_pb_row][et_pb_row _builder_version=&#8221;4.15&#8243; _module_preset=&#8221;default&#8221; global_colors_info=&#8221;{}&#8221;][et_pb_column type=&#8221;4_4&#8243; _builder_version=&#8221;4.15&#8243; _module_preset=&#8221;default&#8221; global_colors_info=&#8221;{}&#8221;][et_pb_text _builder_version=&#8221;4.15&#8243; _module_preset=&#8221;default&#8221; custom_margin=&#8221;-13px|-41px||0px|false|false&#8221; custom_margin_tablet=&#8221;-12px|0px|-5px||false|false&#8221; custom_margin_phone=&#8221;-18px||-5px||false|false&#8221; global_colors_info=&#8221;{}&#8221;]<\/p>\n<p style=\"text-align: justify;\">Our batteries will perfectly serve for all your projects in isolated sites, micro-grid, off-grid or multi-grid.<\/p>\n<p style=\"text-align: justify;\"><span style=\"font-size: 15px;\"><\/span><\/p>\n<p>[\/et_pb_text][\/et_pb_column][\/et_pb_row][et_pb_row _builder_version=&#8221;4.15&#8243; _module_preset=&#8221;default&#8221; custom_margin=&#8221;-13px||||false|false&#8221; global_colors_info=&#8221;{}&#8221;][et_pb_column type=&#8221;4_4&#8243; _builder_version=&#8221;4.15&#8243; _module_preset=&#8221;default&#8221; global_colors_info=&#8221;{}&#8221;][et_pb_shop type=&#8221;product_category&#8221; include_categories=&#8221;282&#8243; orderby=&#8221;price&#8221; _builder_version=&#8221;4.15&#8243; _module_preset=&#8221;default&#8221; price_font=&#8221;|600|||||||&#8221; price_font_size=&#8221;17px&#8221; custom_margin_tablet=&#8221;|auto||auto|false|true&#8221; custom_margin_phone=&#8221;|auto||auto|false|true&#8221; price_text_color_tablet=&#8221;&#8221; price_text_color_phone=&#8221;&#8221; price_text_color_last_edited=&#8221;on|phone&#8221; price_font_size_tablet=&#8221;&#8221; price_font_size_phone=&#8221;&#8221; price_font_size_last_edited=&#8221;on|phone&#8221; global_colors_info=&#8221;{}&#8221;][\/et_pb_shop][\/et_pb_column][\/et_pb_row][\/et_pb_section]<\/p>\n<span class=\"et_bloom_bottom_trigger\"><\/span>","protected":false},"excerpt":{"rendered":"<p>Lithium batteriesSelf-consumption &amp; Access to energy \u2600\ufe0f\u00a0The more solar and wind energy there is, the more difficult and expensive it becomes to guarantee grid stability. Intermediate energy storage is therefore rapidly becoming an essential tool to keep energy fluctuations on the grid within reasonable limits. In addition, as feed-in tariffs decrease, the economic case for [&hellip;]<\/p>\n","protected":false},"author":3,"featured_media":4898,"parent":5929,"menu_order":2,"comment_status":"closed","ping_status":"closed","template":"","meta":{"_et_pb_use_builder":"on","_et_pb_old_content":"<p>[et_pb_section fb_built=\"1\" _builder_version=\"4.6.6\" _module_preset=\"default\"][et_pb_row _builder_version=\"4.6.6\" _module_preset=\"default\"][et_pb_column type=\"4_4\" _builder_version=\"4.6.6\" _module_preset=\"default\"][et_pb_text _builder_version=\"4.6.6\" _module_preset=\"default\"]<\/p><h1><strong>Batterie au Lithium Fer Phoshate<\/strong><\/h1><p>[\/et_pb_text][et_pb_divider _builder_version=\"4.6.6\" _module_preset=\"default\" min_height=\"3px\" custom_margin=\"||-61px|||\"][\/et_pb_divider][\/et_pb_column][\/et_pb_row][et_pb_row _builder_version=\"4.6.6\" _module_preset=\"default\" min_height=\"88px\"][et_pb_column type=\"4_4\" _builder_version=\"4.6.6\" _module_preset=\"default\"][et_pb_text _builder_version=\"4.6.6\" _module_preset=\"default\"]<\/p><h1 class=\"PBSTitle PBCatTitle\"><strong>Domaine marine\u00a0<\/strong><\/h1><p><span class=\"PBLongTxt\">France Battery propose un large choix de batteries au lithium LiFePO4 adapt\u00e9es au bateau de plaisance et de p\u00eache pour une utilisation en loisir ou professionnelle. Nos batteries serviront parfaitement pour tous vos \u00e9quipement auxiliaires et vous apporterons une grande autonomie.<\/span><\/p><p>[\/et_pb_text][\/et_pb_column][\/et_pb_row][et_pb_row _builder_version=\"4.6.6\" _module_preset=\"default\"][et_pb_column type=\"4_4\" _builder_version=\"4.6.6\" _module_preset=\"default\"][et_pb_shop type=\"product_category\" show_pagination=\"on\" include_categories=\"34\" _builder_version=\"4.6.6\" _module_preset=\"default\"][\/et_pb_shop][\/et_pb_column][\/et_pb_row][\/et_pb_section]<\/p>","_et_gb_content_width":"","footnotes":""},"class_list":["post-5774","page","type-page","status-publish","has-post-thumbnail","hentry"],"_links":{"self":[{"href":"https:\/\/francebattery.com\/en\/wp-json\/wp\/v2\/pages\/5774","targetHints":{"allow":["GET"]}}],"collection":[{"href":"https:\/\/francebattery.com\/en\/wp-json\/wp\/v2\/pages"}],"about":[{"href":"https:\/\/francebattery.com\/en\/wp-json\/wp\/v2\/types\/page"}],"author":[{"embeddable":true,"href":"https:\/\/francebattery.com\/en\/wp-json\/wp\/v2\/users\/3"}],"replies":[{"embeddable":true,"href":"https:\/\/francebattery.com\/en\/wp-json\/wp\/v2\/comments?post=5774"}],"version-history":[{"count":0,"href":"https:\/\/francebattery.com\/en\/wp-json\/wp\/v2\/pages\/5774\/revisions"}],"up":[{"embeddable":true,"href":"https:\/\/francebattery.com\/en\/wp-json\/wp\/v2\/pages\/5929"}],"wp:featuredmedia":[{"embeddable":true,"href":"https:\/\/francebattery.com\/en\/wp-json\/wp\/v2\/media\/4898"}],"wp:attachment":[{"href":"https:\/\/francebattery.com\/en\/wp-json\/wp\/v2\/media?parent=5774"}],"curies":[{"name":"wp","href":"https:\/\/api.w.org\/{rel}","templated":true}]}}