{"id":14455,"date":"2022-02-08T17:11:32","date_gmt":"2022-02-08T16:11:32","guid":{"rendered":"https:\/\/francebattery.com\/?post_type=product&#038;p=14455"},"modified":"2024-12-01T16:46:26","modified_gmt":"2024-12-01T15:46:26","slug":"batterie-olenbox-serie-s-g2","status":"publish","type":"product","link":"https:\/\/francebattery.com\/en\/product\/batterie-olenbox-serie-s-g2\/","title":{"rendered":"Batterie Lithium OlenBox serie S &#8211; 315Wh"},"content":{"rendered":"<div class=\"et_pb_module et_pb_text et_pb_text_2 et_pb_text_align_left et_pb_bg_layout_light\">\n<div class=\"et_pb_text_inner\">\n<h4><\/h4>\n<h4><b>LES BATTERIES LITHIUM LFP LES PLUS DENSES ET INTELLIGENTES DU MARCH\u00c9 !<\/b><\/h4>\n<p>Les syst\u00e8mes OlenBox\u00ae sont une gamme de batteries int\u00e9grant les cartes \u00e9lectroniques de gestion intelligente et des cellules aux\u00a0<a href=\"https:\/\/www.olenergies.com\/le-lithium\/avantages-batteries-lithium\/\" target=\"_blank\" rel=\"noopener nofollow\">performances exceptionnelles.<\/a> Autrefois extr\u00eamement ch\u00e8res et r\u00e9serv\u00e9es aux applications les plus sp\u00e9cifiques, car dot\u00e9es d\u2019une chimie de premier choix, ces batteries \u00e9taient r\u00e9serv\u00e9es \u00e0 une niche. Or, l\u2019arriv\u00e9e des syst\u00e8mes de stockage fran\u00e7ais OlenBox bouscule les normes \u00e9tablies.<\/p>\n<\/div>\n<\/div>\n<div class=\"et_pb_module et_pb_text et_pb_text_5 et_pb_text_align_left et_pb_bg_layout_light\">\n<div class=\"et_pb_text_inner\">En concevant des batteries modulaires et Plug-&amp;-Play (la carte \u00e9lectronique s\u2019occupe automatiquement du management syst\u00e8me) le fabriquant fran\u00e7ais OLENERGIES a r\u00e9ussi r\u00e9ussi \u00e0 d\u00e9velopper une batterie haut de gamme \u00e0 prix accessible et m\u00eame <a href=\"https:\/\/www.olenergies.com\/le-lithium\/lithium-vs-plomb\/#comparison\" target=\"_blank\" rel=\"noopener nofollow\">moins ch\u00e8re que les batteries au plomb en co\u00fbt de revient<\/a>\u00a0!<\/div>\n<\/div>\n<div class=\"et_pb_module et_pb_text et_pb_text_6 et_pb_text_align_left et_pb_bg_layout_light\">\n<div class=\"et_pb_text_inner\">\n<p>De nombreux \u00e9l\u00e9ments font des batteries OlenBox\u00ae la meilleure solution du march\u00e9 pour les applications stationnaires ou de traction ;<\/p>\n<ul>\n<li>Une technologie de cellule de stockage d\u2019\u00e9nergie haut de gamme offrant la plus grande s\u00e9curit\u00e9 et une des meilleures dur\u00e9es de vie du march\u00e9,<\/li>\n<li>Un produit MADE IN FRANCE, garantie 5 ans,<\/li>\n<li>Les batteries LFP les plus compactes au monde en rapport taille\/\u00e9nergie,<\/li>\n<li>Une carte de gestion \u00e9lectronique intelligente et robuste int\u00e9gr\u00e9e \u00e0 tous les syst\u00e8mes,<\/li>\n<li>Un bo\u00eetier solide, l\u00e9ger et \u00e9tanche (IP65) pr\u00eat \u00e0 affronter toutes les situations,<\/li>\n<li>Une gamme de batteries SMART avec connectivit\u00e9s bluetooth (+application) et filaire,<\/li>\n<li>De nombreux accessoires hardware &amp; software (indicateur de jauge, monitoring cloud, gestion de parc batteries\u2026),<\/li>\n<li>Des batteries d\u00e9di\u00e9es aux environnements chauds et tr\u00e8s froids (avec option de pr\u00e9chauffage HEAT),<\/li>\n<li>Des batteries assemblables en illimit\u00e9 en parall\u00e8le<\/li>\n<\/ul>\n<\/div>\n<\/div>\n<p><span style=\"color: #000000;\"><strong>Avantages des batteries LFP OlenBox<\/strong><\/span><\/p>\n<ul>\n<li><strong>4 x plus durable<\/strong> qu\u2019une batterie au plomb, dur\u00e9e de vie 20 ans ou 4000 Cycles<\/li>\n<li><strong>3 x plus l\u00e9g\u00e8re<\/strong> qu\u2019une batterie au plomb<\/li>\n<li><strong>2x plus d&#8217;\u00e9nergie<\/strong> disponible que dans une batterie au plomb<\/li>\n<li>La gamme de <strong>batterie la plus compacte du march\u00e9<\/strong> mondial<\/li>\n<li><strong>Plug-and-play<\/strong> : aucune programmation, pas de c\u00e2bles de communication<\/li>\n<li><strong>Z\u00e9ro maintenance<\/strong><\/li>\n<li><strong>Garantie 5 ans<\/strong><\/li>\n<li>Une batterie <strong>recyclable<\/strong><\/li>\n<\/ul>\n<p><span style=\"color: #000000;\"><strong>Points forts<\/strong><\/span><\/p>\n<ul>\n<li><strong>Technologie de cellule innovante tr\u00e8s dense sans m\u00e9taux rares ni du conflit :<\/strong> Lithium Fer Phosphate (LiFePo4)<\/li>\n<li><strong>Batterie ultra s\u00e9curis\u00e9e :<\/strong> la cellule est intrins\u00e8quement fiable, sans risque d\u2019\u00e9chauffement, de prise de feu ou de d\u00e9gagement gazeux<\/li>\n<li>Carte de gestion \u00e9lectronique<strong> int\u00e9gr\u00e9e \u00ab BMS \u00bb<\/strong> : garde-fou qui interviendra en cas d\u2019anomalie (sur-sollicitation, baisse de tension)<\/li>\n<li><strong>Charge ultra rapide<\/strong> : pas besoin de respecter de courbe de charge, rendement de charge de 98%<\/li>\n<li><strong>Eco-responsable<\/strong> : aucun \u00e9l\u00e9ment toxique ou dangereux pour l\u2019homme comme pour la plan\u00e8te (pas de plomb, pas de cobalt)<\/li>\n<li><strong>Un SAV en fran\u00e7ais<\/strong>, disponible facilement, \u00e0 votre service pour vous conseiller<\/li>\n<li><strong>Fabriqu\u00e9 en France<\/strong> dans une entreprise de l&#8217;\u00c9conomie Sociale et Solidaire ( <a href=\"https:\/\/francebattery.com\/wp-content\/uploads\/2022\/01\/esus-olenergies.pdf\" target=\"_blank\" rel=\"noopener\">agr\u00e9ment ESUS num\u00e9ro 2021-1867<\/a> )<\/li>\n<\/ul>\n<div class=\"page\" title=\"Page 1\">\n<div class=\"section\">\n<div class=\"layoutArea\">\n<div class=\"column\"><strong><span style=\"color: #000000;\">BATTERIE INTELLIGENTE<\/span> <\/strong><em>Fonctionnalit\u00e9s int\u00e9gr\u00e9s directement dans la batterie<\/em> \n<div id=\"tablepress-1-scroll-wrapper\" class=\"tablepress-scroll-wrapper\">\n<table id=\"tablepress-1\" class=\"tablepress tablepress-id-1 tablepress-responsive\">\n<tbody class=\"row-striping row-hover\">\n<tr class=\"row-1\">\n\t<td class=\"column-1\">Bluetooth<\/td><td class=\"column-2\">Non<\/td><td class=\"column-3\">Possible d'avoir le BLE mais n\u00e9cessite utilisation Merlin Smartshunt + Merlin<\/td>\n<\/tr>\n<tr class=\"row-2\">\n\t<td class=\"column-1\">Application mobile<\/td><td class=\"column-2\">Non<\/td><td class=\"column-3\">Possible d'avoir le BLE mais n\u00e9cessite utilisation Merlin Smartshunt + Merlin<\/td>\n<\/tr>\n<tr class=\"row-3\">\n\t<td class=\"column-1\">Fonction Grand froid (HEAT)<\/td><td class=\"column-2\">Non<\/td><td class=\"column-3\">Uniquement sur les gammes L, LMax et XL<\/td>\n<\/tr>\n<\/tbody>\n<\/table>\n<\/div>\n<\/div>\n<\/div>\n<\/div>\n<\/div>\n<p><span style=\"color: #000000;\"><strong>ACCESSOIRES COMPATIBLES<\/strong><\/span> <em>Les accessoires de l&#8217;\u00e9cosyst\u00e8me MERLIN pour aller plus loin <\/em>\n<div id=\"tablepress-5-scroll-wrapper\" class=\"tablepress-scroll-wrapper\">\n<table id=\"tablepress-5\" class=\"tablepress tablepress-id-5 tablepress-responsive\">\n<tbody class=\"row-striping row-hover\">\n<tr class=\"row-1\">\n\t<td class=\"column-1\">MERLIN Smartshunt<\/td><td class=\"column-2\">Oui<\/td><td class=\"column-3\">\u00c9cran et shunt avec affichage num\u00e9rique. Pour la gestion d'une ou d'un parc de batteries<\/td>\n<\/tr>\n<tr class=\"row-2\">\n\t<td class=\"column-1\">MERLIN<\/td><td class=\"column-2\">Oui (doit \u00eatre coupl\u00e9 \u00e0 un Smartshunt pour les batteries S &amp; M)<\/td><td class=\"column-3\">Indicateur d'\u00e9tat par LED (jauge, charge, d\u00e9charge...) + Wifi, Bluetooth, RS485, CAN et recharge mobile<\/td>\n<\/tr>\n<tr class=\"row-3\">\n\t<td class=\"column-1\">OlenPEPS<\/td><td class=\"column-2\">Non<\/td><td class=\"column-3\">Plateforme Cloud de pilotage<br \/>\nGestion des donne\u0301es en local et\/ ou vers le Cloud Peps<\/td>\n<\/tr>\n<\/tbody>\n<\/table>\n<\/div>\n<\/p>\n<span class=\"et_bloom_bottom_trigger\"><\/span>","protected":false},"excerpt":{"rendered":"<h5><span style=\"color: #000000;\"><strong>Batterie lithium OlenBox s\u00e9rie S &#8211; 12V25Ah 315Wh<\/strong><\/span><\/h5>\n<blockquote><p><span style=\"color: #000080;\"><strong>Nouvelle gamme 2023 ! 12V 25Ah tr\u00e8s compacte et puissante<\/strong><\/span><\/p><\/blockquote>\n<p>Les syst\u00e8mes OlenBox sont une gamme de batteries modulaires lithium LFP Plug-&amp;-Play.<\/p>\n<p>Les OlenBox sont con\u00e7ues en utilisant des cellules haute performance OLENERGIES de la chimie LFP+ offrant la plus grande s\u00e9curit\u00e9, puissance et la meilleure dur\u00e9e de vie du march\u00e9 (4000 cycles).<\/p>\n<p>Ces batteries int\u00e8grent \u00e9galement des cartes \u00e9lectroniques de gestion intelligentes (BMS) et de nombreuses fonctionnalit\u00e9s de connectivit\u00e9s.<\/p>\n<p>La batterie OlenBox remplace avantageusement deux batteries au plomb de capacit\u00e9 identique.<\/p>\n<p>Les OlenBox sont con\u00e7ues en France et regroupent tout le savoir-faire des ing\u00e9nieurs fran\u00e7ais en mati\u00e8re de conception et d\u2019innovation.<\/p>\n","protected":false},"featured_media":18860,"comment_status":"open","ping_status":"closed","template":"","meta":{"_et_pb_use_builder":"off","_et_pb_old_content":"<div class=\"et_pb_module et_pb_text et_pb_text_2 et_pb_text_align_left et_pb_bg_layout_light\">\r\n<div class=\"et_pb_text_inner\">\r\n<h4><\/h4>\r\n<h4><b>LES BATTERIES LITHIUM LFP LES PLUS DENSES ET INTELLIGENTES DU MARCH\u00c9 !<\/b><\/h4>\r\nLes syst\u00e8mes OlenBox\u00ae sont une gamme de batteries int\u00e9grant les cartes \u00e9lectroniques de gestion intelligente et des cellules aux\u00a0<a href=\"https:\/\/www.olenergies.com\/le-lithium\/avantages-batteries-lithium\/\" target=\"_blank\" rel=\"noopener\">performances exceptionnelles.<\/a> Autrefois extr\u00eamement ch\u00e8res et r\u00e9serv\u00e9es aux applications les plus sp\u00e9cifiques, car dot\u00e9es d\u2019une chimie de premier choix, ces batteries \u00e9taient r\u00e9serv\u00e9es \u00e0 une niche. Or, l\u2019arriv\u00e9e des syst\u00e8mes de stockage fran\u00e7ais OlenBox bouscule les normes \u00e9tablies.\r\n\r\n<\/div>\r\n<\/div>\r\n<div class=\"et_pb_module et_pb_text et_pb_text_5 et_pb_text_align_left et_pb_bg_layout_light\">\r\n<div class=\"et_pb_text_inner\">En concevant des batteries modulaires et Plug-&-Play (la carte \u00e9lectronique s\u2019occupe automatiquement du management syst\u00e8me) le fabriquant fran\u00e7ais OLENERGIES a r\u00e9ussi r\u00e9ussi \u00e0 d\u00e9velopper une batterie haut de gamme \u00e0 prix accessible et m\u00eame <a href=\"https:\/\/www.olenergies.com\/le-lithium\/lithium-vs-plomb\/#comparison\" target=\"_blank\" rel=\"noopener\">moins ch\u00e8re que les batteries au plomb en co\u00fbt de revient<\/a>\u00a0!<\/div>\r\n<\/div>\r\n<div class=\"et_pb_module et_pb_text et_pb_text_6 et_pb_text_align_left et_pb_bg_layout_light\">\r\n<div class=\"et_pb_text_inner\">\r\n\r\nDe nombreux \u00e9l\u00e9ments font des batteries OlenBox\u00ae la meilleure solution du march\u00e9 pour les applications stationnaires ou de traction ;\r\n<ul>\r\n \t<li>Une technologie de cellule de stockage d\u2019\u00e9nergie haut de gamme offrant la plus grande s\u00e9curit\u00e9 et une des meilleures dur\u00e9es de vie du march\u00e9,<\/li>\r\n \t<li>Un produit MADE IN FRANCE, garantie 5 ans,<\/li>\r\n \t<li>Les batteries LFP les plus compactes au monde en rapport taille\/\u00e9nergie,<\/li>\r\n \t<li>Une carte de gestion \u00e9lectronique intelligente et robuste int\u00e9gr\u00e9e \u00e0 tous les syst\u00e8mes,<\/li>\r\n \t<li>Un bo\u00eetier solide, l\u00e9ger et \u00e9tanche (IP65) pr\u00eat \u00e0 affronter toutes les situations,<\/li>\r\n \t<li>Une gamme de batteries SMART avec connectivit\u00e9s bluetooth (+application) et filaire,<\/li>\r\n \t<li>De nombreux accessoires hardware & software (indicateur de jauge, monitoring cloud, gestion de parc batteries\u2026),<\/li>\r\n \t<li>Des batteries d\u00e9di\u00e9es aux environnements chauds et tr\u00e8s froids (avec option de pr\u00e9chauffage HEAT),<\/li>\r\n \t<li>Des batteries assemblables en illimit\u00e9 en parall\u00e8le<\/li>\r\n<\/ul>\r\n<\/div>\r\n<\/div>\r\n<span style=\"color: #000000\"><strong>Avantages des batteries LFP OlenBox<\/strong><\/span>\r\n<ul>\r\n \t<li><strong>4 x plus durable<\/strong> qu\u2019une batterie au plomb, dur\u00e9e de vie 20 ans ou 4000 Cycles<\/li>\r\n \t<li><strong>3 x plus l\u00e9g\u00e8re<\/strong> qu\u2019une batterie au plomb<\/li>\r\n \t<li><strong>2x plus d'\u00e9nergie<\/strong> disponible que dans une batterie au plomb<\/li>\r\n \t<li>La gamme de <strong>batterie la plus compacte du march\u00e9<\/strong> mondial<\/li>\r\n \t<li><strong>Plug-and-play<\/strong> : aucune programmation, pas de c\u00e2bles de communication<\/li>\r\n \t<li><strong>Z\u00e9ro maintenance<\/strong><\/li>\r\n \t<li><strong>Garantie 5 ans<\/strong><\/li>\r\n \t<li>Une batterie <strong>recyclable<\/strong><\/li>\r\n<\/ul>\r\n<span style=\"color: #000000\"><strong>Points forts<\/strong><\/span>\r\n<ul>\r\n \t<li><strong>Technologie de cellule innovante tr\u00e8s dense sans m\u00e9taux rares ni du conflit :<\/strong> Lithium Fer Phosphate (LiFePo4)<\/li>\r\n \t<li><strong>Batterie ultra s\u00e9curis\u00e9e :<\/strong> la cellule est intrins\u00e8quement fiable, sans risque d\u2019\u00e9chauffement, de prise de feu ou de d\u00e9gagement gazeux<\/li>\r\n \t<li>Carte de gestion \u00e9lectronique<strong> int\u00e9gr\u00e9e \u00ab BMS \u00bb<\/strong> : garde-fou qui interviendra en cas d\u2019anomalie (sur-sollicitation, baisse de tension)<\/li>\r\n \t<li><strong>Charge ultra rapide<\/strong> : pas besoin de respecter de courbe de charge, rendement de charge de 98%<\/li>\r\n \t<li><strong>Eco-responsable<\/strong> : aucun \u00e9l\u00e9ment toxique ou dangereux pour l\u2019homme comme pour la plan\u00e8te (pas de plomb, pas de cobalt)<\/li>\r\n \t<li><strong>Un SAV en fran\u00e7ais<\/strong>, disponible facilement, \u00e0 votre service pour vous conseiller<\/li>\r\n \t<li><strong>Fabriqu\u00e9 en France<\/strong> dans une entreprise de l'\u00c9conomie Sociale et Solidaire ( <a href=\"https:\/\/francebattery.com\/wp-content\/uploads\/2022\/01\/esus-olenergies.pdf\" target=\"_blank\" rel=\"noopener\">agr\u00e9ment ESUS num\u00e9ro 2021-1867<\/a> )<\/li>\r\n<\/ul>\r\n<div class=\"page\" title=\"Page 1\">\r\n<div class=\"section\">\r\n<div class=\"layoutArea\">\r\n<div class=\"column\"><strong><span style=\"color: #000000\">BATTERIE INTELLIGENTE<\/span> <\/strong><em>Fonctionnalit\u00e9s int\u00e9gr\u00e9s directement dans la batterie<\/em> [table id=1 responsive=scroll \/]<\/div>\r\n<\/div>\r\n<\/div>\r\n<\/div>\r\n<span style=\"color: #000000\"><strong>ACCESSOIRES COMPATIBLES<\/strong><\/span> <em>Les accessoires de l'\u00e9cosyst\u00e8me MERLIN pour aller plus loin <\/em>[table id=5 responsive=scroll \/]","_et_gb_content_width":""},"product_brand":[],"product_cat":[18,16,33,580,498,195],"product_tag":[637,639],"class_list":{"0":"post-14455","1":"product","2":"type-product","3":"status-publish","4":"has-post-thumbnail","6":"product_cat-olenbox","7":"product_cat-batteries-lithium","8":"product_cat-electrificateurs","9":"product_cat-olenbox-g2","10":"product_cat-olenbox-g2-standard","11":"product_cat-surete","12":"product_tag-en-2","13":"product_tag-ole","15":"first","16":"outofstock","17":"taxable","18":"shipping-taxable","19":"purchasable","20":"product-type-variable","21":"wvs-archive-product-wrapper"},"_links":{"self":[{"href":"https:\/\/francebattery.com\/en\/wp-json\/wp\/v2\/product\/14455","targetHints":{"allow":["GET"]}}],"collection":[{"href":"https:\/\/francebattery.com\/en\/wp-json\/wp\/v2\/product"}],"about":[{"href":"https:\/\/francebattery.com\/en\/wp-json\/wp\/v2\/types\/product"}],"replies":[{"embeddable":true,"href":"https:\/\/francebattery.com\/en\/wp-json\/wp\/v2\/comments?post=14455"}],"wp:featuredmedia":[{"embeddable":true,"href":"https:\/\/francebattery.com\/en\/wp-json\/wp\/v2\/media\/18860"}],"wp:attachment":[{"href":"https:\/\/francebattery.com\/en\/wp-json\/wp\/v2\/media?parent=14455"}],"wp:term":[{"taxonomy":"product_brand","embeddable":true,"href":"https:\/\/francebattery.com\/en\/wp-json\/wp\/v2\/product_brand?post=14455"},{"taxonomy":"product_cat","embeddable":true,"href":"https:\/\/francebattery.com\/en\/wp-json\/wp\/v2\/product_cat?post=14455"},{"taxonomy":"product_tag","embeddable":true,"href":"https:\/\/francebattery.com\/en\/wp-json\/wp\/v2\/product_tag?post=14455"}],"curies":[{"name":"wp","href":"https:\/\/api.w.org\/{rel}","templated":true}]}}