{"id":20212,"date":"2024-11-23T18:38:12","date_gmt":"2024-11-23T17:38:12","guid":{"rendered":"https:\/\/francebattery.com\/produit\/batterie-lithium-olenbox-lfp-lmax-series-1700-2000wh\/"},"modified":"2024-12-01T12:46:05","modified_gmt":"2024-12-01T11:46:05","slug":"batterie-lithium-olenbox-lfp-lmax-series-1700-2000wh","status":"publish","type":"product","link":"https:\/\/francebattery.com\/en\/product\/batterie-lithium-olenbox-lfp-lmax-series-1700-2000wh\/","title":{"rendered":"Batterie lithium OlenBox LFP LMax series \/ 1700 &#8211; 2000Wh"},"content":{"rendered":"<p>[et_pb_section fb_built=&#8221;1&#8243; _builder_version=&#8221;4.16&#8243; custom_padding=&#8221;0px||||false|false&#8221; global_colors_info=&#8221;{}&#8221;][et_pb_row _builder_version=&#8221;4.16&#8243; custom_padding=&#8221;0px||0px||false|false&#8221; global_colors_info=&#8221;{}&#8221;][et_pb_column type=&#8221;4_4&#8243; _builder_version=&#8221;4.16&#8243; custom_padding=&#8221;|||&#8221; global_colors_info=&#8221;{}&#8221; custom_padding__hover=&#8221;|||&#8221;][et_pb_wc_breadcrumb _builder_version=&#8221;4.16&#8243; global_colors_info=&#8221;{}&#8221;][\/et_pb_wc_breadcrumb][et_pb_wc_cart_notice _builder_version=&#8221;4.16&#8243; global_colors_info=&#8221;{}&#8221;][\/et_pb_wc_cart_notice][\/et_pb_column][\/et_pb_row][et_pb_row column_structure=&#8221;1_2,1_2&#8243; _builder_version=&#8221;4.16&#8243; global_colors_info=&#8221;{}&#8221;][et_pb_column type=&#8221;1_2&#8243; _builder_version=&#8221;4.16&#8243; custom_padding=&#8221;|||&#8221; global_colors_info=&#8221;{}&#8221; custom_padding__hover=&#8221;|||&#8221;][et_pb_wc_images _builder_version=&#8221;4.16&#8243; global_colors_info=&#8221;{}&#8221;][\/et_pb_wc_images][\/et_pb_column][et_pb_column type=&#8221;1_2&#8243; _builder_version=&#8221;4.16&#8243; custom_padding=&#8221;|||&#8221; global_colors_info=&#8221;{}&#8221; custom_padding__hover=&#8221;|||&#8221;][et_pb_wc_title _builder_version=&#8221;4.16&#8243; global_colors_info=&#8221;{}&#8221;][\/et_pb_wc_title][et_pb_wc_rating _builder_version=&#8221;4.16&#8243; global_colors_info=&#8221;{}&#8221;][\/et_pb_wc_rating][et_pb_wc_price _builder_version=&#8221;4.16&#8243; global_colors_info=&#8221;{}&#8221;][\/et_pb_wc_price][et_pb_wc_description _builder_version=&#8221;4.16&#8243; global_colors_info=&#8221;{}&#8221;][\/et_pb_wc_description][et_pb_wc_add_to_cart _builder_version=&#8221;4.16&#8243; global_colors_info=&#8221;{}&#8221;][\/et_pb_wc_add_to_cart][et_pb_wc_meta _builder_version=&#8221;4.16&#8243; global_colors_info=&#8221;{}&#8221;][\/et_pb_wc_meta][\/et_pb_column][\/et_pb_row][et_pb_row _builder_version=&#8221;4.27.3&#8243; _module_preset=&#8221;default&#8221; global_colors_info=&#8221;{}&#8221;][et_pb_column type=&#8221;4_4&#8243; _builder_version=&#8221;4.27.3&#8243; _module_preset=&#8221;default&#8221; global_colors_info=&#8221;{}&#8221;][et_pb_text _builder_version=&#8221;4.27.3&#8243; _module_preset=&#8221;default&#8221; global_colors_info=&#8221;{}&#8221;]<\/p>\n\n<table id=\"tablepress-29\" class=\"tablepress tablepress-id-29 tablepress-responsive\">\n<thead>\n<tr class=\"row-1\">\n\t<th class=\"column-1\">GAMME<\/th><th class=\"column-2\">Tension<\/th><th class=\"column-3\">\u00c9nergie<\/th><th class=\"column-4\">Puissance<\/th><th class=\"column-5\">\u00c9nergie<\/th><th class=\"column-6\">Poids<\/th><th class=\"column-7\">SMART<\/th><th class=\"column-8\">FICHE<\/th><th class=\"column-9\">Dimensions  (L*l*H)<\/th><th class=\"column-10\">Batterie Grand froid (chauffante)<\/th><th class=\"column-11\">Compatible Victron<\/th><th class=\"column-12\">Compatible Merlin<\/th><th class=\"column-13\">Compatible Smartshunt<\/th><th class=\"column-14\">Fabriqu\u00e9 en<\/th><th class=\"column-15\">Garantie constructeur<\/th>\n<\/tr>\n<\/thead>\n<tbody class=\"row-striping row-hover\">\n<tr class=\"row-2\">\n\t<td class=\"column-1\">ECO<\/td><td class=\"column-2\">12V<\/td><td class=\"column-3\">135 Ah<\/td><td class=\"column-4\">60 A<\/td><td class=\"column-5\">1,8 kWh<\/td><td class=\"column-6\">13 kg<\/td><td class=\"column-7\"><\/td><td class=\"column-8\"><a href=\"https:\/\/www.olenergies.com\/_datasheet\/FR\/5-FT-OB_LMax12V-ECO.pdf\" rel=\"noopener noreferrer nofollow\" target=\"_blank\"><img decoding=\"async\" src=\"https:\/\/www.olenergies.com\/wp-content\/uploads\/2019\/11\/pdf-icon-datasheet-fr.png\" alt=\"\" width=\"62\" height=\"62\" class=\"alignleft size-full wp-image-13179\" title=\"\"><\/a><\/td><td class=\"column-9\">26*16.9*21.2 cm<\/td><td class=\"column-10\">Non<\/td><td class=\"column-11\">Oui<\/td><td class=\"column-12\">via Smartshunt<\/td><td class=\"column-13\">Oui<\/td><td class=\"column-14\">France<\/td><td class=\"column-15\">5 ans<\/td>\n<\/tr>\n<tr class=\"row-3\">\n\t<td class=\"column-1\">PRO<\/td><td class=\"column-2\">12V<\/td><td class=\"column-3\">150 Ah<\/td><td class=\"column-4\">100 A<\/td><td class=\"column-5\">2 kWh<\/td><td class=\"column-6\">13 kg<\/td><td class=\"column-7\">\u2705 App<br \/>\n\u2705 Wi-Fi<\/td><td class=\"column-8\"><a href=\"https:\/\/www.olenergies.com\/_datasheet\/FR\/5-FT-OB_LMax12V-PRO.pdf\" rel=\"noopener noreferrer nofollow\" target=\"_blank\"><img decoding=\"async\" src=\"https:\/\/www.olenergies.com\/wp-content\/uploads\/2019\/11\/pdf-icon-datasheet-fr.png\" alt=\"\" width=\"62\" height=\"62\" class=\"alignleft size-full wp-image-13179\" title=\"\"><\/a><\/td><td class=\"column-9\">26*16.9*21.2 cm<\/td><td class=\"column-10\">\u2705 Oui<\/td><td class=\"column-11\">Oui avec DVCC<\/td><td class=\"column-12\">\u2705 Oui (sans-fil)<\/td><td class=\"column-13\">Oui<\/td><td class=\"column-14\">France<\/td><td class=\"column-15\">5 ans<\/td>\n<\/tr>\n<tr class=\"row-4\">\n\t<td class=\"column-1\">ECO<\/td><td class=\"column-2\">24V<\/td><td class=\"column-3\">68 Ah<\/td><td class=\"column-4\">60 A<\/td><td class=\"column-5\">1,8 kWh<\/td><td class=\"column-6\">13 kg<\/td><td class=\"column-7\"><\/td><td class=\"column-8\"><a href=\"https:\/\/www.olenergies.com\/_datasheet\/FR\/5-FT-OB_LMax24V-ECO.pdf\" rel=\"noopener noreferrer nofollow\" target=\"_blank\"><img decoding=\"async\" src=\"https:\/\/www.olenergies.com\/wp-content\/uploads\/2019\/11\/pdf-icon-datasheet-fr.png\" alt=\"\" width=\"62\" height=\"62\" class=\"alignleft size-full wp-image-13179\" title=\"\"><\/a><\/td><td class=\"column-9\">26*16.9*21.2 cm<\/td><td class=\"column-10\">Non<\/td><td class=\"column-11\">Oui<\/td><td class=\"column-12\">via Smartshunt<\/td><td class=\"column-13\">Oui<\/td><td class=\"column-14\">France<\/td><td class=\"column-15\">5 ans<\/td>\n<\/tr>\n<tr class=\"row-5\">\n\t<td class=\"column-1\">PRO<\/td><td class=\"column-2\">24V<\/td><td class=\"column-3\">75 Ah<\/td><td class=\"column-4\">75 A<\/td><td class=\"column-5\">2 kWh<\/td><td class=\"column-6\">13 kg<\/td><td class=\"column-7\">\u2705 App<br \/>\n\u2705 Wi-Fi<\/td><td class=\"column-8\"><a href=\"https:\/\/www.olenergies.com\/_datasheet\/FR\/5-FT-OB_LMax24V-PRO.pdf\" rel=\"noopener noreferrer nofollow\" target=\"_blank\"><img decoding=\"async\" src=\"https:\/\/www.olenergies.com\/wp-content\/uploads\/2019\/11\/pdf-icon-datasheet-fr.png\" alt=\"\" width=\"62\" height=\"62\" class=\"alignleft size-full wp-image-13179\" title=\"\"><\/a><\/td><td class=\"column-9\">26*16.9*21.2 cm<\/td><td class=\"column-10\">\u2705 Oui<\/td><td class=\"column-11\">Oui avec DVCC<\/td><td class=\"column-12\">\u2705 Oui (sans-fil)<\/td><td class=\"column-13\">Oui<\/td><td class=\"column-14\">France<\/td><td class=\"column-15\">5 ans<\/td>\n<\/tr>\n<tr class=\"row-6\">\n\t<td class=\"column-1\">ECO<\/td><td class=\"column-2\">48V<\/td><td class=\"column-3\">32 Ah<\/td><td class=\"column-4\">32 A<\/td><td class=\"column-5\">1,8 kWh<\/td><td class=\"column-6\">13 kg<\/td><td class=\"column-7\"><\/td><td class=\"column-8\"><a href=\"https:\/\/www.olenergies.com\/_datasheet\/FR\/5-FT-OB_LMax48V-ECO.pdf\" rel=\"noopener noreferrer nofollow\" target=\"_blank\"><img decoding=\"async\" src=\"https:\/\/www.olenergies.com\/wp-content\/uploads\/2019\/11\/pdf-icon-datasheet-fr.png\" alt=\"\" width=\"62\" height=\"62\" class=\"alignleft size-full wp-image-13179\" title=\"\"><\/a><\/td><td class=\"column-9\">26*16.9*21.2 cm<\/td><td class=\"column-10\">Non<\/td><td class=\"column-11\">Oui<\/td><td class=\"column-12\">via Smartshunt<\/td><td class=\"column-13\">Oui<\/td><td class=\"column-14\">France<\/td><td class=\"column-15\">5 ans<\/td>\n<\/tr>\n<tr class=\"row-7\">\n\t<td class=\"column-1\">PRO<\/td><td class=\"column-2\">48V<\/td><td class=\"column-3\">35 Ah<\/td><td class=\"column-4\">35 A<\/td><td class=\"column-5\">2 kWh<\/td><td class=\"column-6\">13 kg<\/td><td class=\"column-7\">\u2705 App<br \/>\n\u2705 Wi-Fi<\/td><td class=\"column-8\"><a href=\"https:\/\/www.olenergies.com\/_datasheet\/FR\/5-FT-OB_LMax48V-PRO.pdf\" rel=\"noopener noreferrer nofollow\" target=\"_blank\"><img decoding=\"async\" src=\"https:\/\/www.olenergies.com\/wp-content\/uploads\/2019\/11\/pdf-icon-datasheet-fr.png\" alt=\"\" width=\"62\" height=\"62\" class=\"alignleft size-full wp-image-13179\" title=\"\"><\/a><\/td><td class=\"column-9\">26*16.9*21.2 cm<\/td><td class=\"column-10\">\u2705 Oui<\/td><td class=\"column-11\">Oui avec DVCC<\/td><td class=\"column-12\">\u2705 Oui (sans-fil)<\/td><td class=\"column-13\">Oui<\/td><td class=\"column-14\">France<\/td><td class=\"column-15\">5 ans<\/td>\n<\/tr>\n<\/tbody>\n<\/table>\n\n<p>[\/et_pb_text][\/et_pb_column][\/et_pb_row][et_pb_row _builder_version=&#8221;4.16&#8243; global_colors_info=&#8221;{}&#8221;][et_pb_column type=&#8221;4_4&#8243; _builder_version=&#8221;4.16&#8243; custom_padding=&#8221;|||&#8221; global_colors_info=&#8221;{}&#8221; custom_padding__hover=&#8221;|||&#8221;][et_pb_wc_tabs _builder_version=&#8221;4.16&#8243; global_colors_info=&#8221;{}&#8221;]\t\t\t\t\t[\/et_pb_wc_tabs][et_pb_wc_upsells _builder_version=&#8221;4.16&#8243; global_colors_info=&#8221;{}&#8221;][\/et_pb_wc_upsells][et_pb_wc_related_products _builder_version=&#8221;4.16&#8243; global_colors_info=&#8221;{}&#8221;][\/et_pb_wc_related_products][\/et_pb_column][\/et_pb_row][\/et_pb_section]<\/p>\n<span class=\"et_bloom_bottom_trigger\"><\/span>","protected":false},"excerpt":{"rendered":"<blockquote>\n<p><span style=\"color: #000080;\"><strong>New 2025 Range! 5-YEAR WARRANTY<br \/> <\/strong><\/span><span style=\"color: #000080;\"><strong>The only battery on the market designed and manufactured in France<br \/> 100% compatible with VICTRON, STUDER, SMA, SOLIS inverters&#8230;<\/strong><\/span><\/p>\n<\/blockquote>\n<p><strong style=\"color: #000000;\"><span style=\"text-decoration: underline;\">PRO Version Highlights:<br \/> <\/span><\/strong><span style=\"color: #000000;\"><strong>\u2713 More energy (+10%)<br \/> \u2713 Higher power<br \/> \u2713 Designed to operate in cold conditions<br \/> \u2713 Premium active balancing system<br \/> \u2713 Connected battery with smartphone app<br \/> \u2713 24\/7 remote monitoring via Wi-Fi<br \/> \u2713 Wireless compatibility with VICTRON (via MERLIN)<br \/> <\/strong><\/span><\/p>\n","protected":false},"featured_media":19097,"comment_status":"open","ping_status":"closed","template":"","meta":{"_et_pb_use_builder":"on","_et_pb_old_content":"<div class=\"et_pb_module et_pb_text et_pb_text_2 et_pb_text_align_left et_pb_bg_layout_light\">\r\n<div class=\"et_pb_text_inner\">\r\n<h4 style=\"text-align: center\"><strong>LES BATTERIES LITHIUM LFP LES PLUS DENSES ET INTELLIGENTES DU MARCH\u00c9 !\r\nLES SEULES DU MARCH\u00c9 FABRIQU\u00c9ES EN FRANCE !<\/strong><\/h4>\r\nLes syst\u00e8mes OlenBox\u00ae sont une gamme de batteries int\u00e9grant les cartes \u00e9lectroniques de gestion intelligente et des cellules aux\u00a0<a href=\"https:\/\/www.olenergies.com\/le-lithium\/avantages-batteries-lithium\/\" target=\"_blank\" rel=\"noopener\">performances exceptionnelles.<\/a> Autrefois extr\u00eamement ch\u00e8res et r\u00e9serv\u00e9es aux applications les plus sp\u00e9cifiques, car dot\u00e9es d\u2019une chimie de premier choix, ces batteries \u00e9taient r\u00e9serv\u00e9es \u00e0 une niche. Or, l\u2019arriv\u00e9e des syst\u00e8mes de stockage fran\u00e7ais OlenBox bouscule les normes \u00e9tablies.\r\n\r\n<\/div>\r\n<\/div>\r\n<div class=\"et_pb_module et_pb_text et_pb_text_5 et_pb_text_align_left et_pb_bg_layout_light\">\r\n<div class=\"et_pb_text_inner\">En concevant des batteries modulaires et Plug-&amp;-Play (la carte \u00e9lectronique s\u2019occupe automatiquement du management syst\u00e8me) le fabriquant fran\u00e7ais OLENERGIES a r\u00e9ussi r\u00e9ussi \u00e0 d\u00e9velopper une batterie haut de gamme \u00e0 prix accessible et m\u00eame <a href=\"https:\/\/www.olenergies.com\/le-lithium\/lithium-vs-plomb\/#comparison\" target=\"_blank\" rel=\"noopener\">moins ch\u00e8re que les batteries au plomb en co\u00fbt de revient<\/a>\u00a0!<\/div>\r\n<\/div>\r\n<div class=\"et_pb_module et_pb_text et_pb_text_6 et_pb_text_align_left et_pb_bg_layout_light\">\r\n<div class=\"et_pb_text_inner\">\r\n\r\nDe nombreux \u00e9l\u00e9ments font des batteries OlenBox\u00ae la meilleure solution du march\u00e9 pour les applications stationnaires ou de traction ;\r\n<ul>\r\n \t<li>Une technologie de cellule de stockage d\u2019\u00e9nergie haut de gamme offrant la plus grande s\u00e9curit\u00e9 et une des meilleures dur\u00e9es de vie du march\u00e9,<\/li>\r\n \t<li>Un produit MADE IN FRANCE, garantie 5 ans,<\/li>\r\n \t<li>Les batteries LFP les plus compactes au monde en rapport taille\/\u00e9nergie,<\/li>\r\n \t<li>Une carte de gestion \u00e9lectronique intelligente et robuste int\u00e9gr\u00e9e \u00e0 tous les syst\u00e8mes,<\/li>\r\n \t<li>Un bo\u00eetier solide, l\u00e9ger et \u00e9tanche (IP65) pr\u00eat \u00e0 affronter toutes les situations,<\/li>\r\n \t<li>Une gamme de batteries SMART avec connectivit\u00e9s bluetooth (+application) et filaire,<\/li>\r\n \t<li>De nombreux accessoires hardware &amp; software (indicateur de jauge, monitoring cloud, gestion de parc batteries\u2026),<\/li>\r\n \t<li>Des batteries d\u00e9di\u00e9es aux environnements chauds et tr\u00e8s froids (avec option de pr\u00e9chauffage HEAT),<\/li>\r\n \t<li>Des batteries assemblables en illimit\u00e9 en parall\u00e8le et en s\u00e9rie jusqu\u2019\u00e0 24V !<\/li>\r\n<\/ul>\r\n<\/div>\r\n<\/div>\r\n<span style=\"color: #000000\"><strong>Avantages des batteries LFP OlenBox<\/strong><\/span>\r\n<ul>\r\n \t<li><strong>4 x plus durable<\/strong> qu\u2019une batterie au plomb, dur\u00e9e de vie 20 ans ou 4000 Cycles<\/li>\r\n \t<li><strong>3 x plus l\u00e9g\u00e8re<\/strong> qu\u2019une batterie au plomb<\/li>\r\n \t<li><strong>2x plus d'\u00e9nergie<\/strong> disponible que dans une batterie au plomb<\/li>\r\n \t<li>La gamme de <strong>batterie la plus compacte du march\u00e9<\/strong> mondial<\/li>\r\n \t<li><strong>Plug-and-play<\/strong> : aucune programmation, pas de c\u00e2bles de communication<\/li>\r\n \t<li><strong>Fonction HEAT int\u00e9gr\u00e9<\/strong> de s\u00e9rie (pr\u00e9chauffage automatique permettant la charge et la d\u00e9charge en temp\u00e9ratures n\u00e9gatives)<\/li>\r\n \t<li><strong>Z\u00e9ro maintenance<\/strong><\/li>\r\n \t<li><strong>Garantie 5 ans<\/strong><\/li>\r\n \t<li>Une batterie <strong>recyclable<\/strong><\/li>\r\n<\/ul>\r\n<span style=\"color: #000000\"><strong>Points forts<\/strong><\/span>\r\n<ul>\r\n \t<li><strong>Technologie de cellule innovante tr\u00e8s dense sans m\u00e9taux rares ni du conflit :<\/strong> Lithium Fer Phosphate Haute Performances (LiFePo4-HP)<\/li>\r\n \t<li><strong>Batterie ultra s\u00e9curis\u00e9e :<\/strong> la cellule est intrins\u00e8quement fiable, sans risque d\u2019\u00e9chauffement, de prise de feu ou de d\u00e9gagement gazeux<\/li>\r\n \t<li>Carte de gestion \u00e9lectronique<strong> int\u00e9gr\u00e9e \u00ab BMS \u00bb<\/strong> : garde-fou qui interviendra en cas d\u2019anomalie (sur-sollicitation, baisse de tension)<\/li>\r\n \t<li><strong>Charge ultra rapide<\/strong> : pas besoin de respecter de courbe de charge, rendement de charge de 98%<\/li>\r\n \t<li><strong>Eco-responsable<\/strong> : aucun \u00e9l\u00e9ment toxique ou dangereux pour l\u2019homme comme pour la plan\u00e8te (pas de plomb, pas de cobalt)<\/li>\r\n \t<li><strong>Un SAV en fran\u00e7ais<\/strong>, disponible facilement, \u00e0 votre service pour vous conseiller<\/li>\r\n \t<li><strong>Fabriqu\u00e9 en France<\/strong> dans une entreprise de l'\u00c9conomie Sociale et Solidaire ( <a href=\"https:\/\/francebattery.com\/wp-content\/uploads\/2022\/01\/esus-olenergies.pdf\" target=\"_blank\" rel=\"noopener\">agr\u00e9ment ESUS num\u00e9ro 2021-1867<\/a> )<\/li>\r\n<\/ul>\r\n<div class=\"page\" title=\"Page 1\">\r\n<div class=\"section\">\r\n<div class=\"layoutArea\"><\/div>\r\n<\/div>\r\n<\/div>","_et_gb_content_width":""},"product_brand":[],"product_cat":[299,285,298,284,283,685,286,282],"product_tag":[],"class_list":{"0":"post-20212","1":"product","2":"type-product","3":"status-publish","4":"has-post-thumbnail","6":"product_cat-olenbox-en","7":"product_cat-surete-en","8":"product_cat-batteries-lithium-en","9":"product_cat-plaisance-en","10":"product_cat-mobilite-en","11":"product_cat-olenbox-g3-en","12":"product_cat-vehicule-loisirs-en","13":"product_cat-auto-consommation-en","15":"first","16":"instock","17":"sale","18":"taxable","19":"shipping-taxable","20":"purchasable","21":"product-type-variable","22":"wvs-archive-product-wrapper"},"_links":{"self":[{"href":"https:\/\/francebattery.com\/en\/wp-json\/wp\/v2\/product\/20212","targetHints":{"allow":["GET"]}}],"collection":[{"href":"https:\/\/francebattery.com\/en\/wp-json\/wp\/v2\/product"}],"about":[{"href":"https:\/\/francebattery.com\/en\/wp-json\/wp\/v2\/types\/product"}],"replies":[{"embeddable":true,"href":"https:\/\/francebattery.com\/en\/wp-json\/wp\/v2\/comments?post=20212"}],"wp:featuredmedia":[{"embeddable":true,"href":"https:\/\/francebattery.com\/en\/wp-json\/wp\/v2\/media\/19097"}],"wp:attachment":[{"href":"https:\/\/francebattery.com\/en\/wp-json\/wp\/v2\/media?parent=20212"}],"wp:term":[{"taxonomy":"product_brand","embeddable":true,"href":"https:\/\/francebattery.com\/en\/wp-json\/wp\/v2\/product_brand?post=20212"},{"taxonomy":"product_cat","embeddable":true,"href":"https:\/\/francebattery.com\/en\/wp-json\/wp\/v2\/product_cat?post=20212"},{"taxonomy":"product_tag","embeddable":true,"href":"https:\/\/francebattery.com\/en\/wp-json\/wp\/v2\/product_tag?post=20212"}],"curies":[{"name":"wp","href":"https:\/\/api.w.org\/{rel}","templated":true}]}}